{"id":2225,"date":"2025-07-30T15:26:05","date_gmt":"2025-07-30T15:26:05","guid":{"rendered":"http:\/\/azurelbaie.com\/?page_id=2225"},"modified":"2025-08-29T14:51:29","modified_gmt":"2025-08-29T14:51:29","slug":"appartement-2","status":"publish","type":"page","link":"https:\/\/azurelbaie.com\/index.php\/appartement-2\/","title":{"rendered":"Appartement"},"content":{"rendered":"<div class=\"fusion-fullwidth fullwidth-box fusion-builder-row-1 fusion-flex-container has-pattern-background has-mask-background nonhundred-percent-fullwidth non-hundred-percent-height-scrolling\" style=\"--awb-border-radius-top-left:0px;--awb-border-radius-top-right:0px;--awb-border-radius-bottom-right:0px;--awb-border-radius-bottom-left:0px;--awb-flex-wrap:wrap;\" ><div class=\"fusion-builder-row fusion-row fusion-flex-align-items-flex-start fusion-flex-content-wrap\" style=\"max-width:1216.8px;margin-left: calc(-4% \/ 2 );margin-right: calc(-4% \/ 2 );\"><div class=\"fusion-layout-column fusion_builder_column fusion-builder-column-0 fusion_builder_column_1_3 1_3 fusion-flex-column\" style=\"--awb-bg-size:cover;--awb-width-large:33.333333333333%;--awb-margin-top-large:0px;--awb-spacing-right-large:5.76%;--awb-margin-bottom-large:20px;--awb-spacing-left-large:5.76%;--awb-width-medium:100%;--awb-order-medium:0;--awb-spacing-right-medium:1.92%;--awb-spacing-left-medium:1.92%;--awb-width-small:100%;--awb-order-small:0;--awb-spacing-right-small:1.92%;--awb-spacing-left-small:1.92%;\"><div class=\"fusion-column-wrapper fusion-column-has-shadow fusion-flex-justify-content-flex-start fusion-content-layout-column\"><div class=\"fusion-image-element \" style=\"--awb-caption-title-font-family:var(--h2_typography-font-family);--awb-caption-title-font-weight:var(--h2_typography-font-weight);--awb-caption-title-font-style:var(--h2_typography-font-style);--awb-caption-title-size:var(--h2_typography-font-size);--awb-caption-title-transform:var(--h2_typography-text-transform);--awb-caption-title-line-height:var(--h2_typography-line-height);--awb-caption-title-letter-spacing:var(--h2_typography-letter-spacing);\"><span class=\" fusion-imageframe imageframe-none imageframe-1 hover-type-none\"><a href=\"http:\/\/azurelbaie.com\/wp-content\/uploads\/2025\/07\/cuisine-300x200.jpg\" class=\"fusion-lightbox\" data-rel=\"iLightbox[68b099aa599e0a143fa]\" data-title=\"cuisine\" title=\"cuisine\"><img decoding=\"async\" width=\"300\" height=\"200\" src=\"https:\/\/azurelbaie.com\/wp-content\/uploads\/2025\/07\/cuisine.jpg\" data-orig-src=\"https:\/\/azurelbaie.com\/wp-content\/uploads\/2025\/07\/cuisine-300x200.jpg\" alt class=\"lazyload img-responsive wp-image-2149\" srcset=\"data:image\/svg+xml,%3Csvg%20xmlns%3D%27http%3A%2F%2Fwww.w3.org%2F2000%2Fsvg%27%20width%3D%271619%27%20height%3D%271080%27%20viewBox%3D%270%200%201619%201080%27%3E%3Crect%20width%3D%271619%27%20height%3D%271080%27%20fill-opacity%3D%220%22%2F%3E%3C%2Fsvg%3E\" data-srcset=\"https:\/\/azurelbaie.com\/wp-content\/uploads\/2025\/07\/cuisine-200x133.jpg 200w, https:\/\/azurelbaie.com\/wp-content\/uploads\/2025\/07\/cuisine-400x267.jpg 400w, https:\/\/azurelbaie.com\/wp-content\/uploads\/2025\/07\/cuisine-600x400.jpg 600w, https:\/\/azurelbaie.com\/wp-content\/uploads\/2025\/07\/cuisine-800x534.jpg 800w, https:\/\/azurelbaie.com\/wp-content\/uploads\/2025\/07\/cuisine-1200x800.jpg 1200w, https:\/\/azurelbaie.com\/wp-content\/uploads\/2025\/07\/cuisine.jpg 1619w\" data-sizes=\"auto\" data-orig-sizes=\"(max-width: 1024px) 100vw, (max-width: 640px) 100vw, 400px\" \/><\/a><\/span><\/div><div class=\"fusion-content-boxes content-boxes columns row fusion-columns-1 fusion-columns-total-1 fusion-content-boxes-1 content-boxes-icon-with-title content-left\" style=\"--awb-hover-accent-color:var(--awb-color4);--awb-circle-hover-accent-color:var(--awb-color4);--awb-item-margin-bottom:40px;\" data-animationOffset=\"top-into-view\"><div style=\"--awb-backgroundcolor:var(--awb-color1);\" class=\"fusion-column content-box-column content-box-column content-box-column-1 col-lg-12 col-md-12 col-sm-12 fusion-content-box-hover content-box-column-last content-box-column-last-in-row\"><div class=\"col content-box-wrapper content-wrapper-background link-area-box icon-hover-animation-pulsate\" data-animationOffset=\"top-into-view\"><div class=\"heading icon-left\"><h2 class=\"content-box-heading fusion-responsive-typography-calculated\" style=\"--h2_typography-font-size:24px;--fontSize:24;line-height:var(--awb-typography1-line-height);\">Cuisine<\/h2><\/div><div class=\"fusion-clearfix\"><\/div><div class=\"content-container\">\n<p>Plaque de cuisson \u00e0 induction<br \/>\nLave Vaisselle<br \/>\nFour multifonctions (Air Fry, Vapeur, micro-ondes, grill, chaleur tournante, convection) et des programmes de cuisson automatiques.<br \/>\nFrigo Smeg avec partie cong\u00e9lateur<\/p>\n<p>\u00c9quipements de cuisine de base (Casseroles, po\u00eales, couteaux, spatules,huile, sel et poivre&#8230;)<\/p>\n<p>Vaisselle et couverts en quantit\u00e9<\/p>\n<p>Bouilloire \u00e9lectrique<\/p>\n<p>Cafeti\u00e8re Nespresso Inissia \u00e0 dosettes<\/p>\n<p>Blender<\/p>\n<p>Grille pain<\/p>\n<p>Mise \u00e0 disposition d&rsquo;un aspirateur balai, pelle\/balayette, Swifer Wetjet, poubelles m\u00e9nag\u00e8re et de tri, un d\u00e9froisseur v\u00eatement Popup de Calor.<\/p>\n<\/div><\/div><\/div><div class=\"fusion-clearfix\"><\/div><\/div><\/div><\/div><div class=\"fusion-layout-column fusion_builder_column fusion-builder-column-1 fusion_builder_column_1_3 1_3 fusion-flex-column\" style=\"--awb-bg-size:cover;--awb-width-large:33.333333333333%;--awb-margin-top-large:0px;--awb-spacing-right-large:5.76%;--awb-margin-bottom-large:20px;--awb-spacing-left-large:5.76%;--awb-width-medium:100%;--awb-order-medium:0;--awb-spacing-right-medium:1.92%;--awb-spacing-left-medium:1.92%;--awb-width-small:100%;--awb-order-small:0;--awb-spacing-right-small:1.92%;--awb-spacing-left-small:1.92%;\"><div class=\"fusion-column-wrapper fusion-column-has-shadow fusion-flex-justify-content-flex-start fusion-content-layout-column\"><div class=\"fusion-image-element \" style=\"--awb-caption-title-font-family:var(--h2_typography-font-family);--awb-caption-title-font-weight:var(--h2_typography-font-weight);--awb-caption-title-font-style:var(--h2_typography-font-style);--awb-caption-title-size:var(--h2_typography-font-size);--awb-caption-title-transform:var(--h2_typography-text-transform);--awb-caption-title-line-height:var(--h2_typography-line-height);--awb-caption-title-letter-spacing:var(--h2_typography-letter-spacing);\"><span class=\" fusion-imageframe imageframe-none imageframe-2 hover-type-none\"><img decoding=\"async\" width=\"300\" height=\"200\" alt=\"S\u00e9jour\" title=\"sejour vue mer face proche\" src=\"https:\/\/azurelbaie.com\/wp-content\/uploads\/2025\/07\/sejour-vue-mer-face-proche.jpg\" data-orig-src=\"https:\/\/azurelbaie.com\/wp-content\/uploads\/2025\/07\/sejour-vue-mer-face-proche-300x200.jpg\" class=\"lazyload img-responsive wp-image-2155\" srcset=\"data:image\/svg+xml,%3Csvg%20xmlns%3D%27http%3A%2F%2Fwww.w3.org%2F2000%2Fsvg%27%20width%3D%271619%27%20height%3D%271080%27%20viewBox%3D%270%200%201619%201080%27%3E%3Crect%20width%3D%271619%27%20height%3D%271080%27%20fill-opacity%3D%220%22%2F%3E%3C%2Fsvg%3E\" data-srcset=\"https:\/\/azurelbaie.com\/wp-content\/uploads\/2025\/07\/sejour-vue-mer-face-proche-200x133.jpg 200w, https:\/\/azurelbaie.com\/wp-content\/uploads\/2025\/07\/sejour-vue-mer-face-proche-400x267.jpg 400w, https:\/\/azurelbaie.com\/wp-content\/uploads\/2025\/07\/sejour-vue-mer-face-proche-600x400.jpg 600w, https:\/\/azurelbaie.com\/wp-content\/uploads\/2025\/07\/sejour-vue-mer-face-proche-800x534.jpg 800w, https:\/\/azurelbaie.com\/wp-content\/uploads\/2025\/07\/sejour-vue-mer-face-proche-1200x800.jpg 1200w, https:\/\/azurelbaie.com\/wp-content\/uploads\/2025\/07\/sejour-vue-mer-face-proche.jpg 1619w\" data-sizes=\"auto\" data-orig-sizes=\"(max-width: 1024px) 100vw, (max-width: 640px) 100vw, 400px\" \/><\/span><\/div><div class=\"fusion-content-boxes content-boxes columns row fusion-columns-1 fusion-columns-total-1 fusion-content-boxes-2 content-boxes-icon-with-title content-left\" style=\"--awb-hover-accent-color:var(--awb-color4);--awb-circle-hover-accent-color:var(--awb-color4);--awb-item-margin-bottom:40px;\" data-animationOffset=\"top-into-view\"><div style=\"--awb-backgroundcolor:var(--awb-color1);\" class=\"fusion-column content-box-column content-box-column content-box-column-1 col-lg-12 col-md-12 col-sm-12 fusion-content-box-hover content-box-column-last content-box-column-last-in-row\"><div class=\"col content-box-wrapper content-wrapper-background link-area-box icon-hover-animation-pulsate\" data-animationOffset=\"top-into-view\"><div class=\"heading icon-left\"><h2 class=\"content-box-heading fusion-responsive-typography-calculated\" style=\"--h2_typography-font-size:24px;--fontSize:24;line-height:var(--awb-typography1-line-height);\">S\u00e9jour<\/h2><\/div><div class=\"fusion-clearfix\"><\/div><div class=\"content-container\">\n<p>TV HD 65 pouces 3D<\/p>\n<p>Console Sony PS4 avec 2 manettes, quelques jeux et des films<\/p>\n<p>Livres pour enfants et plus grands, jeux de cartes, scrabble et p\u00eache \u00e0 la ligne&#8230;<\/p>\n<p>Box SFR et WIFI<\/p>\n<p>Canap\u00e9 convertible couchage 140&#215;190 avec un sommier \u00e0 lattes (confort test\u00e9 et assur\u00e9)<\/p>\n<p>La table de salon en bois int\u00e8gre 4 petits poufs<\/p>\n<\/div><\/div><\/div><div class=\"fusion-clearfix\"><\/div><\/div><\/div><\/div><div class=\"fusion-layout-column fusion_builder_column fusion-builder-column-2 fusion_builder_column_1_3 1_3 fusion-flex-column\" style=\"--awb-bg-size:cover;--awb-width-large:33.333333333333%;--awb-margin-top-large:0px;--awb-spacing-right-large:5.76%;--awb-margin-bottom-large:20px;--awb-spacing-left-large:5.76%;--awb-width-medium:100%;--awb-order-medium:0;--awb-spacing-right-medium:1.92%;--awb-spacing-left-medium:1.92%;--awb-width-small:100%;--awb-order-small:0;--awb-spacing-right-small:1.92%;--awb-spacing-left-small:1.92%;\"><div class=\"fusion-column-wrapper fusion-column-has-shadow fusion-flex-justify-content-flex-start fusion-content-layout-column\"><div class=\"fusion-image-element \" style=\"--awb-caption-title-font-family:var(--h2_typography-font-family);--awb-caption-title-font-weight:var(--h2_typography-font-weight);--awb-caption-title-font-style:var(--h2_typography-font-style);--awb-caption-title-size:var(--h2_typography-font-size);--awb-caption-title-transform:var(--h2_typography-text-transform);--awb-caption-title-line-height:var(--h2_typography-line-height);--awb-caption-title-letter-spacing:var(--h2_typography-letter-spacing);\"><span class=\" fusion-imageframe imageframe-none imageframe-3 hover-type-none\"><img decoding=\"async\" width=\"300\" height=\"200\" alt=\"Terrasse\" title=\"vue terrasse corniche large\" src=\"https:\/\/azurelbaie.com\/wp-content\/uploads\/2025\/07\/vue-terrasse-corniche-large.jpg\" data-orig-src=\"https:\/\/azurelbaie.com\/wp-content\/uploads\/2025\/07\/vue-terrasse-corniche-large-300x200.jpg\" class=\"lazyload img-responsive wp-image-2160\" srcset=\"data:image\/svg+xml,%3Csvg%20xmlns%3D%27http%3A%2F%2Fwww.w3.org%2F2000%2Fsvg%27%20width%3D%271619%27%20height%3D%271080%27%20viewBox%3D%270%200%201619%201080%27%3E%3Crect%20width%3D%271619%27%20height%3D%271080%27%20fill-opacity%3D%220%22%2F%3E%3C%2Fsvg%3E\" data-srcset=\"https:\/\/azurelbaie.com\/wp-content\/uploads\/2025\/07\/vue-terrasse-corniche-large-200x133.jpg 200w, https:\/\/azurelbaie.com\/wp-content\/uploads\/2025\/07\/vue-terrasse-corniche-large-400x267.jpg 400w, https:\/\/azurelbaie.com\/wp-content\/uploads\/2025\/07\/vue-terrasse-corniche-large-600x400.jpg 600w, https:\/\/azurelbaie.com\/wp-content\/uploads\/2025\/07\/vue-terrasse-corniche-large-800x534.jpg 800w, https:\/\/azurelbaie.com\/wp-content\/uploads\/2025\/07\/vue-terrasse-corniche-large-1200x800.jpg 1200w, https:\/\/azurelbaie.com\/wp-content\/uploads\/2025\/07\/vue-terrasse-corniche-large.jpg 1619w\" data-sizes=\"auto\" data-orig-sizes=\"(max-width: 1024px) 100vw, (max-width: 640px) 100vw, 400px\" \/><\/span><\/div><div class=\"fusion-content-boxes content-boxes columns row fusion-columns-1 fusion-columns-total-1 fusion-content-boxes-3 content-boxes-icon-with-title content-left\" style=\"--awb-hover-accent-color:var(--awb-color4);--awb-circle-hover-accent-color:var(--awb-color4);--awb-item-margin-bottom:40px;\" data-animationOffset=\"top-into-view\"><div style=\"--awb-backgroundcolor:var(--awb-color1);\" class=\"fusion-column content-box-column content-box-column content-box-column-1 col-lg-12 col-md-12 col-sm-12 fusion-content-box-hover content-box-column-last content-box-column-last-in-row\"><div class=\"col content-box-wrapper content-wrapper-background link-area-box icon-hover-animation-pulsate\" data-animationOffset=\"top-into-view\"><div class=\"heading icon-left\"><h2 class=\"content-box-heading fusion-responsive-typography-calculated\" style=\"--h2_typography-font-size:24px;--fontSize:24;line-height:var(--awb-typography1-line-height);\">Terrasse avec une vue \u00e9poustouflante<\/h2><\/div><div class=\"fusion-clearfix\"><\/div><div class=\"content-container\">\n<p>La table est extensible pour pouvoir s&rsquo;installer confortablement \u00e0 6 personnes.<\/p>\n<p>Nous mettons \u00e0 disposition un parasol, 2 chaises de plage et un caddie \u00e0 3 roulettes qui permettra de transporter sans effort tout le mat\u00e9riel ou les courses y compris dans les escaliers sans efforts!<\/p>\n<p>Etendoir \u00e0 linge.<\/p>\n<\/div><\/div><\/div><div class=\"fusion-clearfix\"><\/div><\/div><\/div><\/div><div class=\"fusion-layout-column fusion_builder_column fusion-builder-column-3 fusion_builder_column_1_3 1_3 fusion-flex-column\" style=\"--awb-bg-size:cover;--awb-width-large:33.333333333333%;--awb-margin-top-large:0px;--awb-spacing-right-large:5.76%;--awb-margin-bottom-large:20px;--awb-spacing-left-large:5.76%;--awb-width-medium:100%;--awb-order-medium:0;--awb-spacing-right-medium:1.92%;--awb-spacing-left-medium:1.92%;--awb-width-small:100%;--awb-order-small:0;--awb-spacing-right-small:1.92%;--awb-spacing-left-small:1.92%;\"><div class=\"fusion-column-wrapper fusion-column-has-shadow fusion-flex-justify-content-flex-start fusion-content-layout-column\"><div class=\"fusion-image-element \" style=\"--awb-caption-title-font-family:var(--h2_typography-font-family);--awb-caption-title-font-weight:var(--h2_typography-font-weight);--awb-caption-title-font-style:var(--h2_typography-font-style);--awb-caption-title-size:var(--h2_typography-font-size);--awb-caption-title-transform:var(--h2_typography-text-transform);--awb-caption-title-line-height:var(--h2_typography-line-height);--awb-caption-title-letter-spacing:var(--h2_typography-letter-spacing);\"><span class=\" fusion-imageframe imageframe-none imageframe-4 hover-type-none\"><a href=\"http:\/\/azurelbaie.com\/wp-content\/uploads\/2025\/07\/ch-bas-grand-angle-serviettes-300x200.jpg\" class=\"fusion-lightbox\" data-rel=\"iLightbox[27a1ffd90646625c085]\" data-title=\"ch bas grand angle serviettes\" title=\"ch bas grand angle serviettes\"><img decoding=\"async\" width=\"300\" height=\"200\" alt=\"chambre 1\" src=\"https:\/\/azurelbaie.com\/wp-content\/uploads\/2025\/07\/ch-bas-grand-angle-serviettes.jpg\" data-orig-src=\"https:\/\/azurelbaie.com\/wp-content\/uploads\/2025\/07\/ch-bas-grand-angle-serviettes-300x200.jpg\" class=\"lazyload img-responsive wp-image-2167\" srcset=\"data:image\/svg+xml,%3Csvg%20xmlns%3D%27http%3A%2F%2Fwww.w3.org%2F2000%2Fsvg%27%20width%3D%271619%27%20height%3D%271080%27%20viewBox%3D%270%200%201619%201080%27%3E%3Crect%20width%3D%271619%27%20height%3D%271080%27%20fill-opacity%3D%220%22%2F%3E%3C%2Fsvg%3E\" data-srcset=\"https:\/\/azurelbaie.com\/wp-content\/uploads\/2025\/07\/ch-bas-grand-angle-serviettes-200x133.jpg 200w, https:\/\/azurelbaie.com\/wp-content\/uploads\/2025\/07\/ch-bas-grand-angle-serviettes-400x267.jpg 400w, https:\/\/azurelbaie.com\/wp-content\/uploads\/2025\/07\/ch-bas-grand-angle-serviettes-600x400.jpg 600w, https:\/\/azurelbaie.com\/wp-content\/uploads\/2025\/07\/ch-bas-grand-angle-serviettes-800x534.jpg 800w, https:\/\/azurelbaie.com\/wp-content\/uploads\/2025\/07\/ch-bas-grand-angle-serviettes-1200x800.jpg 1200w, https:\/\/azurelbaie.com\/wp-content\/uploads\/2025\/07\/ch-bas-grand-angle-serviettes.jpg 1619w\" data-sizes=\"auto\" data-orig-sizes=\"(max-width: 1024px) 100vw, (max-width: 640px) 100vw, 400px\" \/><\/a><\/span><\/div><div class=\"fusion-content-boxes content-boxes columns row fusion-columns-1 fusion-columns-total-1 fusion-content-boxes-4 content-boxes-icon-with-title content-left\" style=\"--awb-hover-accent-color:var(--awb-color4);--awb-circle-hover-accent-color:var(--awb-color4);--awb-item-margin-bottom:40px;\" data-animationOffset=\"top-into-view\"><div style=\"--awb-backgroundcolor:var(--awb-color1);\" class=\"fusion-column content-box-column content-box-column content-box-column-1 col-lg-12 col-md-12 col-sm-12 fusion-content-box-hover content-box-column-last content-box-column-last-in-row\"><div class=\"col content-box-wrapper content-wrapper-background link-area-box icon-hover-animation-pulsate\" data-animationOffset=\"top-into-view\"><div class=\"heading icon-left\"><h2 class=\"content-box-heading fusion-responsive-typography-calculated\" style=\"--h2_typography-font-size:24px;--fontSize:24;line-height:var(--awb-typography1-line-height);\">Chambre rdc lit 140x200<\/h2><\/div><div class=\"fusion-clearfix\"><\/div><div class=\"content-container\">\n<p>La chambre est climatis\u00e9e avec un lit de 140&#215;190, 2 tables de nuit avec tiroir et lampes de chevet.<\/p>\n<p>Un dressing \u00e9quip\u00e9 d&rsquo;une penderie avec cintres, ranges-pantalons et tiroirs; permet de d\u00e9faire la valise et de la loger dans le meuble<\/p>\n<\/div><\/div><\/div><div class=\"fusion-clearfix\"><\/div><\/div><\/div><\/div><div class=\"fusion-layout-column fusion_builder_column fusion-builder-column-4 fusion_builder_column_1_3 1_3 fusion-flex-column\" style=\"--awb-bg-size:cover;--awb-width-large:33.333333333333%;--awb-margin-top-large:0px;--awb-spacing-right-large:5.76%;--awb-margin-bottom-large:20px;--awb-spacing-left-large:5.76%;--awb-width-medium:100%;--awb-order-medium:0;--awb-spacing-right-medium:1.92%;--awb-spacing-left-medium:1.92%;--awb-width-small:100%;--awb-order-small:0;--awb-spacing-right-small:1.92%;--awb-spacing-left-small:1.92%;\"><div class=\"fusion-column-wrapper fusion-column-has-shadow fusion-flex-justify-content-flex-start fusion-content-layout-column\"><div class=\"fusion-image-element \" style=\"--awb-caption-title-font-family:var(--h2_typography-font-family);--awb-caption-title-font-weight:var(--h2_typography-font-weight);--awb-caption-title-font-style:var(--h2_typography-font-style);--awb-caption-title-size:var(--h2_typography-font-size);--awb-caption-title-transform:var(--h2_typography-text-transform);--awb-caption-title-line-height:var(--h2_typography-line-height);--awb-caption-title-letter-spacing:var(--h2_typography-letter-spacing);\"><span class=\" fusion-imageframe imageframe-none imageframe-5 hover-type-none\"><img decoding=\"async\" width=\"300\" height=\"200\" alt=\"chambre2\" title=\"ch haut grand angle\" src=\"https:\/\/azurelbaie.com\/wp-content\/uploads\/2025\/07\/ch-haut-grand-angle.jpg\" data-orig-src=\"https:\/\/azurelbaie.com\/wp-content\/uploads\/2025\/07\/ch-haut-grand-angle-300x200.jpg\" class=\"lazyload img-responsive wp-image-2147\" srcset=\"data:image\/svg+xml,%3Csvg%20xmlns%3D%27http%3A%2F%2Fwww.w3.org%2F2000%2Fsvg%27%20width%3D%271619%27%20height%3D%271080%27%20viewBox%3D%270%200%201619%201080%27%3E%3Crect%20width%3D%271619%27%20height%3D%271080%27%20fill-opacity%3D%220%22%2F%3E%3C%2Fsvg%3E\" data-srcset=\"https:\/\/azurelbaie.com\/wp-content\/uploads\/2025\/07\/ch-haut-grand-angle-200x133.jpg 200w, https:\/\/azurelbaie.com\/wp-content\/uploads\/2025\/07\/ch-haut-grand-angle-400x267.jpg 400w, https:\/\/azurelbaie.com\/wp-content\/uploads\/2025\/07\/ch-haut-grand-angle-600x400.jpg 600w, https:\/\/azurelbaie.com\/wp-content\/uploads\/2025\/07\/ch-haut-grand-angle-800x534.jpg 800w, https:\/\/azurelbaie.com\/wp-content\/uploads\/2025\/07\/ch-haut-grand-angle-1200x800.jpg 1200w, https:\/\/azurelbaie.com\/wp-content\/uploads\/2025\/07\/ch-haut-grand-angle.jpg 1619w\" data-sizes=\"auto\" data-orig-sizes=\"(max-width: 1024px) 100vw, (max-width: 640px) 100vw, 400px\" \/><\/span><\/div><div class=\"fusion-content-boxes content-boxes columns row fusion-columns-1 fusion-columns-total-1 fusion-content-boxes-5 content-boxes-icon-with-title content-left\" style=\"--awb-hover-accent-color:var(--awb-color4);--awb-circle-hover-accent-color:var(--awb-color4);--awb-item-margin-bottom:40px;\" data-animationOffset=\"top-into-view\"><div style=\"--awb-backgroundcolor:var(--awb-color1);\" class=\"fusion-column content-box-column content-box-column content-box-column-1 col-lg-12 col-md-12 col-sm-12 fusion-content-box-hover content-box-column-last content-box-column-last-in-row\"><div class=\"col content-box-wrapper content-wrapper-background link-area-box icon-hover-animation-pulsate\" data-animationOffset=\"top-into-view\"><div class=\"heading icon-left\"><h2 class=\"content-box-heading fusion-responsive-typography-calculated\" style=\"--h2_typography-font-size:24px;--fontSize:24;line-height:var(--awb-typography1-line-height);\">2\u00b0 chambre \u00e0 l'\u00e9tage<\/h2><\/div><div class=\"fusion-clearfix\"><\/div><div class=\"content-container\">\n<p>La chambre est climatis\u00e9e avec 2 lits de 80&#215;200 pouvant \u00eatre rapproch\u00e9s pour faire un 160&#215;200<\/p>\n<p>2 lampes de chevet en c\u00e9ramique jaunes + bandeau LED le long de la t\u00eate de lit\/table de nuit + 1 \u00e9clairage au dessus de l&rsquo;armoire dressing.<\/p>\n<p>&#8211; Armoire deux portes avec barre penderie munie de 8 cintres beiges sur la partie droite et 2 tiroirs fa\u00e7ade verre + 3 rayons sur la partie gauche.<\/p>\n<p>&#8211; 2 c\u00e2bles USB pour chargement t\u00e9l\u00e9phones (1 jaune et 1 bleu)<\/p>\n<p>&nbsp;<\/p>\n<\/div><\/div><\/div><div class=\"fusion-clearfix\"><\/div><\/div><\/div><\/div><div class=\"fusion-layout-column fusion_builder_column fusion-builder-column-5 fusion_builder_column_1_3 1_3 fusion-flex-column\" style=\"--awb-bg-size:cover;--awb-width-large:33.333333333333%;--awb-margin-top-large:0px;--awb-spacing-right-large:5.76%;--awb-margin-bottom-large:20px;--awb-spacing-left-large:5.76%;--awb-width-medium:100%;--awb-order-medium:0;--awb-spacing-right-medium:1.92%;--awb-spacing-left-medium:1.92%;--awb-width-small:100%;--awb-order-small:0;--awb-spacing-right-small:1.92%;--awb-spacing-left-small:1.92%;\"><div class=\"fusion-column-wrapper fusion-column-has-shadow fusion-flex-justify-content-flex-start fusion-content-layout-column\"><div class=\"fusion-image-element \" style=\"--awb-caption-title-font-family:var(--h2_typography-font-family);--awb-caption-title-font-weight:var(--h2_typography-font-weight);--awb-caption-title-font-style:var(--h2_typography-font-style);--awb-caption-title-size:var(--h2_typography-font-size);--awb-caption-title-transform:var(--h2_typography-text-transform);--awb-caption-title-line-height:var(--h2_typography-line-height);--awb-caption-title-letter-spacing:var(--h2_typography-letter-spacing);\"><span class=\" fusion-imageframe imageframe-none imageframe-6 hover-type-none\"><img decoding=\"async\" width=\"300\" height=\"200\" title=\"sdb grand angle avec lave linge\" src=\"https:\/\/azurelbaie.com\/wp-content\/uploads\/2025\/07\/sdb-grand-angle-avec-lave-linge.jpg\" data-orig-src=\"https:\/\/azurelbaie.com\/wp-content\/uploads\/2025\/07\/sdb-grand-angle-avec-lave-linge-300x200.jpg\" alt class=\"lazyload img-responsive wp-image-2151\" srcset=\"data:image\/svg+xml,%3Csvg%20xmlns%3D%27http%3A%2F%2Fwww.w3.org%2F2000%2Fsvg%27%20width%3D%271619%27%20height%3D%271080%27%20viewBox%3D%270%200%201619%201080%27%3E%3Crect%20width%3D%271619%27%20height%3D%271080%27%20fill-opacity%3D%220%22%2F%3E%3C%2Fsvg%3E\" data-srcset=\"https:\/\/azurelbaie.com\/wp-content\/uploads\/2025\/07\/sdb-grand-angle-avec-lave-linge-200x133.jpg 200w, https:\/\/azurelbaie.com\/wp-content\/uploads\/2025\/07\/sdb-grand-angle-avec-lave-linge-400x267.jpg 400w, https:\/\/azurelbaie.com\/wp-content\/uploads\/2025\/07\/sdb-grand-angle-avec-lave-linge-600x400.jpg 600w, https:\/\/azurelbaie.com\/wp-content\/uploads\/2025\/07\/sdb-grand-angle-avec-lave-linge-800x534.jpg 800w, https:\/\/azurelbaie.com\/wp-content\/uploads\/2025\/07\/sdb-grand-angle-avec-lave-linge-1200x800.jpg 1200w, https:\/\/azurelbaie.com\/wp-content\/uploads\/2025\/07\/sdb-grand-angle-avec-lave-linge.jpg 1619w\" data-sizes=\"auto\" data-orig-sizes=\"(max-width: 1024px) 100vw, (max-width: 640px) 100vw, 400px\" \/><\/span><\/div><div class=\"fusion-content-boxes content-boxes columns row fusion-columns-1 fusion-columns-total-1 fusion-content-boxes-6 content-boxes-icon-with-title content-left\" style=\"--awb-hover-accent-color:var(--awb-color4);--awb-circle-hover-accent-color:var(--awb-color4);--awb-item-margin-bottom:40px;\" data-animationOffset=\"top-into-view\"><div style=\"--awb-backgroundcolor:var(--awb-color1);\" class=\"fusion-column content-box-column content-box-column content-box-column-1 col-lg-12 col-md-12 col-sm-12 fusion-content-box-hover content-box-column-last content-box-column-last-in-row\"><div class=\"col content-box-wrapper content-wrapper-background link-area-box icon-hover-animation-pulsate\" data-animationOffset=\"top-into-view\"><div class=\"heading icon-left\"><h2 class=\"content-box-heading fusion-responsive-typography-calculated\" style=\"--h2_typography-font-size:24px;--fontSize:24;line-height:var(--awb-typography1-line-height);\">Salle de douche<\/h2><\/div><div class=\"fusion-clearfix\"><\/div><div class=\"content-container\">\n<p>Douche avec bac extra plat, colonne de douche thermostatique + douchette<\/p>\n<p>Meuble vasque 2 tiroirs<\/p>\n<p>Miroir avec \u00e9clairage + miroir grossissant.<\/p>\n<p>Chauffe-eau extra plat<\/p>\n<p>Lave linge<\/p>\n<\/div><\/div><\/div><div class=\"fusion-clearfix\"><\/div><\/div><\/div><\/div><\/div><\/div>\n","protected":false},"excerpt":{"rendered":"","protected":false},"author":1,"featured_media":2151,"parent":0,"menu_order":0,"comment_status":"closed","ping_status":"closed","template":"","meta":{"footnotes":""},"class_list":["post-2225","page","type-page","status-publish","has-post-thumbnail","hentry"],"_links":{"self":[{"href":"https:\/\/azurelbaie.com\/index.php\/wp-json\/wp\/v2\/pages\/2225","targetHints":{"allow":["GET"]}}],"collection":[{"href":"https:\/\/azurelbaie.com\/index.php\/wp-json\/wp\/v2\/pages"}],"about":[{"href":"https:\/\/azurelbaie.com\/index.php\/wp-json\/wp\/v2\/types\/page"}],"author":[{"embeddable":true,"href":"https:\/\/azurelbaie.com\/index.php\/wp-json\/wp\/v2\/users\/1"}],"replies":[{"embeddable":true,"href":"https:\/\/azurelbaie.com\/index.php\/wp-json\/wp\/v2\/comments?post=2225"}],"version-history":[{"count":18,"href":"https:\/\/azurelbaie.com\/index.php\/wp-json\/wp\/v2\/pages\/2225\/revisions"}],"predecessor-version":[{"id":2245,"href":"https:\/\/azurelbaie.com\/index.php\/wp-json\/wp\/v2\/pages\/2225\/revisions\/2245"}],"wp:featuredmedia":[{"embeddable":true,"href":"https:\/\/azurelbaie.com\/index.php\/wp-json\/wp\/v2\/media\/2151"}],"wp:attachment":[{"href":"https:\/\/azurelbaie.com\/index.php\/wp-json\/wp\/v2\/media?parent=2225"}],"curies":[{"name":"wp","href":"https:\/\/api.w.org\/{rel}","templated":true}]}}