{"id":2251,"date":"2025-08-29T13:37:02","date_gmt":"2025-08-29T13:37:02","guid":{"rendered":"http:\/\/azurelbaie.com\/?page_id=2251"},"modified":"2025-11-11T16:04:15","modified_gmt":"2025-11-11T16:04:15","slug":"theoule-sur-mer-et-la-figueirette","status":"publish","type":"page","link":"https:\/\/azurelbaie.com\/index.php\/theoule-sur-mer-et-la-figueirette\/","title":{"rendered":"Th\u00e9oule et La Figueirette"},"content":{"rendered":"<div class=\"fusion-fullwidth fullwidth-box fusion-builder-row-1 fusion-flex-container nonhundred-percent-fullwidth non-hundred-percent-height-scrolling\" style=\"--awb-border-radius-top-left:0px;--awb-border-radius-top-right:0px;--awb-border-radius-bottom-right:0px;--awb-border-radius-bottom-left:0px;--awb-flex-wrap:wrap;\" ><div class=\"fusion-builder-row fusion-row fusion-flex-align-items-flex-start fusion-flex-content-wrap\" style=\"max-width:1216.8px;margin-left: calc(-4% \/ 2 );margin-right: calc(-4% \/ 2 );\"><div class=\"fusion-layout-column fusion_builder_column fusion-builder-column-0 fusion_builder_column_1_1 1_1 fusion-flex-column\" style=\"--awb-bg-size:cover;--awb-width-large:100%;--awb-margin-top-large:0px;--awb-spacing-right-large:1.92%;--awb-margin-bottom-large:0px;--awb-spacing-left-large:1.92%;--awb-width-medium:100%;--awb-spacing-right-medium:1.92%;--awb-spacing-left-medium:1.92%;--awb-width-small:100%;--awb-spacing-right-small:1.92%;--awb-spacing-left-small:1.92%;\"><div class=\"fusion-column-wrapper fusion-flex-justify-content-flex-start fusion-content-layout-column\"><div class=\"fusion-title title fusion-title-1 fusion-title-text fusion-title-size-one\"><div class=\"title-sep-container title-sep-container-left fusion-no-large-visibility fusion-no-medium-visibility fusion-no-small-visibility\"><div class=\"title-sep sep- sep-solid\" style=\"border-color:var(--awb-color3);\"><\/div><\/div><span class=\"awb-title-spacer fusion-no-large-visibility fusion-no-medium-visibility fusion-no-small-visibility\"><\/span><h1 class=\"fusion-title-heading title-heading-left fusion-responsive-typography-calculated\" style=\"margin:0;--fontSize:48;line-height:var(--awb-typography1-line-height);\">Th\u00e9oule sur Mer et La Figueirette<\/h1><span class=\"awb-title-spacer\"><\/span><div class=\"title-sep-container title-sep-container-right\"><div class=\"title-sep sep- sep-solid\" style=\"border-color:var(--awb-color3);\"><\/div><\/div><\/div><div class=\"fusion-text fusion-text-1\"><div class=\"elementor-element elementor-element-6bb4a07 elementor-widget elementor-widget-heading\" data-id=\"6bb4a07\" data-element_type=\"widget\" data-widget_type=\"heading.default\">\n<div class=\"elementor-widget-container\">\n<h2 class=\"elementor-heading-title elementor-size-default\">Un site pr\u00e9serv\u00e9, naturel, calme et d&rsquo;une beaut\u00e9 exceptionnelle !<\/h2>\n<\/div>\n<\/div>\n<div class=\"elementor-element elementor-element-f1076ac e-con-full e-flex e-con e-child\" data-id=\"f1076ac\" data-element_type=\"container\">\n<div class=\"elementor-element elementor-element-c7c756b elementor-widget__width-initial elementor-widget elementor-widget-text-editor\" data-id=\"c7c756b\" data-element_type=\"widget\" data-widget_type=\"text-editor.default\">\n<div class=\"elementor-widget-container\">\n<p>La r\u00e9sidence La Baie de la M\u00e9diterran\u00e9e \u00e0 l&rsquo;architecture typique de la c\u00f4te d&rsquo;Azur est situ\u00e9e sur la route de la corniche d&rsquo;Or reliant Cannes \u00e0 Saint Rapha\u00ebl.<br \/>\nLe quartier de la Figueirette avec son port de plaisance, sa plage de sable et les magnifiques criques de la corniche d\u2019or a su garder sa dimension calme et intimiste tout en proposant de nombreuses activit\u00e9s sur place.<br \/>\nToute l&rsquo;ann\u00e9e une navette gratuite vous m\u00e8nera jusqu&rsquo;\u00e0 Th\u00e9oule centre.<\/p>\n<\/div>\n<\/div>\n<p>Pour les gourmands, en saison plus de 6 restaurants aux styles diff\u00e9rents dont un propose une mini-superette, pain et viennoiseries.<br \/>\nLe dimanche matin, le march\u00e9 se tient avec d&rsquo;excellents fruits\/l\u00e9gumes, r\u00f4tisserie, fromages, olives\/tapenades et du poisson issue de la p\u00eache locale! Depuis 2025, un stand propose d&rsquo;excellents plats Tha\u00ef \u00e0 emporter ou \u00e0 consommer sur place.<\/p>\n<p>Hors saison &#8211; entre octobre\/novembre et mai vous retrouvez les plats Tha\u00ef dans leur tout nouveau restaurant Avenue de Miramar. L\u2019Air du temps sur la route de Th\u00e9oule et La Marea au pied de la r\u00e9sidence. Bien appeler avant pour r\u00e9server et s\u2019assurer des ouvertures.<\/p>\n<p>Pour ceux qui ont besoin de repos, plage priv\u00e9e avec location de bains de soleil\/parasol \u00e0 la journ\u00e9e.<\/p>\n<p>Pour ceux qui veulent visiter, en saison une navette maritime vous emm\u00e8ne \u00e0 Th\u00e9oule centre et Cannes d&rsquo;o\u00f9 vous pourrez visiter les Iles de L\u00e9rins&#8230; Vous pouvez pousser jusqu&rsquo;\u00e0 Monaco pour une journ\u00e9e en prenant le train \u00e0 la gare du Trayas ou Th\u00e9oule, ce dernier longe la c\u00f4te avec des points de vue incroyables. Vous arrivez directement dans Monaco pour une visite \u00e0 pied.<\/p>\n<p>Pour les plus sportifs, le massif de l&rsquo;Esterel et ses sentiers de randonn\u00e9es \u00e0 pied ou en VTT sont accessibles directement par le chemin du Soleil d&rsquo;Or qui longe la r\u00e9sidence (guide des circuits dans l&rsquo;appartement).<\/p>\n<p>Pour ceux qui veulent s&rsquo;initier \u00e0 la voile ou pratiquer des activit\u00e9s nautiques (wake, bou\u00e9e, e.foil, paddle, kayak, p\u00e9dalos), le prestataire BATSKI est situ\u00e9e sur la plage.<\/p>\n<p>La p\u00e9tanque fait \u00e9galement partie de la culture proven\u00e7ale et un terrain tout neuf est \u00e0 disposition au port \u00e0 c\u00f4t\u00e9 de la capitainerie.<br \/>\nLa Figueirette est entour\u00e9e de nombreux golfs dont celui de Mandelieu \u00e0 moins de 20 mins et le golf Cap Esterel \u00e0 30 mins max en voiture.<\/p>\n<p>Pour les amateurs de vins et selon p\u00e9riodes d&rsquo;ouverture il est possible de se rendre sur l\u2019\u00eele Saint Honorat en bateau \u00e0 partir de Cannes afin de d\u00e9guster les vins des Moines de l\u2019Abbaye de L\u00e9rins lors des journ\u00e9es Vignes et vins. Organisez votre visite et pr\u00e9voyez de d\u00e9jeuner au restaurant La Tonnelle sur l\u2019Ile.<\/p>\n<p>\u00c0 Th\u00e9oule centre, tous les ans en octobre a lieu le salon Arts et Vin qui permet de rencontrer les viticulteurs et d\u00e9guster leurs productions.<\/p>\n<p>En f\u00e9vrier et Mars, parcourez la route du Mimosa entre Bormes les Mimosas et Grasse; de nombreuses animations et des visites guid\u00e9es. Un guide est t\u00e9l\u00e9chargeable sur le site de l\u2019office de Bormes les mimosas.<\/p>\n<\/div>\n<\/div><\/div><\/div><\/div><\/div>\n","protected":false},"excerpt":{"rendered":"","protected":false},"author":1,"featured_media":2262,"parent":0,"menu_order":3,"comment_status":"closed","ping_status":"closed","template":"","meta":{"footnotes":""},"class_list":["post-2251","page","type-page","status-publish","has-post-thumbnail","hentry"],"_links":{"self":[{"href":"https:\/\/azurelbaie.com\/index.php\/wp-json\/wp\/v2\/pages\/2251","targetHints":{"allow":["GET"]}}],"collection":[{"href":"https:\/\/azurelbaie.com\/index.php\/wp-json\/wp\/v2\/pages"}],"about":[{"href":"https:\/\/azurelbaie.com\/index.php\/wp-json\/wp\/v2\/types\/page"}],"author":[{"embeddable":true,"href":"https:\/\/azurelbaie.com\/index.php\/wp-json\/wp\/v2\/users\/1"}],"replies":[{"embeddable":true,"href":"https:\/\/azurelbaie.com\/index.php\/wp-json\/wp\/v2\/comments?post=2251"}],"version-history":[{"count":5,"href":"https:\/\/azurelbaie.com\/index.php\/wp-json\/wp\/v2\/pages\/2251\/revisions"}],"predecessor-version":[{"id":2299,"href":"https:\/\/azurelbaie.com\/index.php\/wp-json\/wp\/v2\/pages\/2251\/revisions\/2299"}],"wp:featuredmedia":[{"embeddable":true,"href":"https:\/\/azurelbaie.com\/index.php\/wp-json\/wp\/v2\/media\/2262"}],"wp:attachment":[{"href":"https:\/\/azurelbaie.com\/index.php\/wp-json\/wp\/v2\/media?parent=2251"}],"curies":[{"name":"wp","href":"https:\/\/api.w.org\/{rel}","templated":true}]}}